{"id":23755,"date":"2025-10-23T23:42:22","date_gmt":"2025-10-23T23:42:22","guid":{"rendered":"https:\/\/agamanosafrika-ev.de\/?page_id=23755"},"modified":"2025-10-28T23:25:17","modified_gmt":"2025-10-28T23:25:17","slug":"cookie-richtlinie","status":"publish","type":"page","link":"https:\/\/agamanosafrika-ev.de\/en\/cookie-richtlinie\/","title":{"rendered":"Cookie-Richtlinie"},"content":{"rendered":"<div data-elementor-type=\"wp-page\" data-elementor-id=\"23755\" class=\"elementor elementor-23755\" data-elementor-post-type=\"page\">\n\t\t\t\t\t\t<section class=\"elementor-section elementor-top-section elementor-element elementor-element-27aa08b elementor-section-boxed elementor-section-height-default elementor-section-height-default\" data-id=\"27aa08b\" data-element_type=\"section\" data-e-type=\"section\" data-settings=\"{&quot;background_background&quot;:&quot;classic&quot;}\">\n\t\t\t\t\t\t<div class=\"elementor-container elementor-column-gap-extended\">\n\t\t\t\t\t<div class=\"elementor-column elementor-col-100 elementor-top-column elementor-element elementor-element-43b9b5f\" data-id=\"43b9b5f\" data-element_type=\"column\" data-e-type=\"column\">\n\t\t\t<div class=\"elementor-widget-wrap elementor-element-populated\">\n\t\t\t\t\t\t<div class=\"elementor-element elementor-element-5831596 elementor-widget elementor-widget-heading\" data-id=\"5831596\" data-element_type=\"widget\" data-e-type=\"widget\" data-widget_type=\"heading.default\">\n\t\t\t\t<div class=\"elementor-widget-container\">\n\t\t\t\t\t<h2 class=\"elementor-heading-title elementor-size-default\"><b>Cookie-Richtlinie<\/b><\/h2>\t\t\t\t<\/div>\n\t\t\t\t<\/div>\n\t\t\t\t<div class=\"elementor-element elementor-element-05e43aa elementor-widget elementor-widget-text-editor\" data-id=\"05e43aa\" data-element_type=\"widget\" data-e-type=\"widget\" data-widget_type=\"text-editor.default\">\n\t\t\t\t<div class=\"elementor-widget-container\">\n\t\t\t\t\t\t\t\t\t<h3 data-start=\"229\" data-end=\"266\">Hinweis zur Nutzung von Cookies<\/h3><p data-start=\"267\" data-end=\"558\">Wir verwenden auf unserer Webseite Cookies. Einige Cookies sind technisch notwendig, damit die Seite korrekt funktioniert. Andere helfen uns, unser Angebot an Ihre Bed\u00fcrfnisse anzupassen, die Nutzung unserer Services zu erleichtern oder zu analysieren, wie unsere Dienste verwendet werden.<\/p><p data-start=\"560\" data-end=\"999\">Nicht essenzielle Cookies werden nur mit Ihrer Einwilligung gesetzt. Sie k\u00f6nnen Ihre Zustimmung jederzeit in den Cookie-Einstellungen \u00e4ndern oder widerrufen.<br data-start=\"721\" data-end=\"724\" \/>Sie k\u00f6nnen au\u00dferdem in Ihrem Browser festlegen, dass vor dem Setzen eines Cookies Ihre Einwilligung erforderlich ist oder Cookies generell blockiert werden. Bitte beachten Sie, dass unsere Services nur eingeschr\u00e4nkt funktionieren, wenn Sie Cookies vollst\u00e4ndig deaktivieren.<\/p><p data-start=\"1001\" data-end=\"1276\">Die Verarbeitung erfolgt auf Grundlage Ihrer Einwilligung gem\u00e4\u00df Art. 6 Abs. 1 lit. a DSGVO.<br data-start=\"1096\" data-end=\"1099\" \/>Die Speicherdauer richtet sich nach der Art des Cookies. Sitzungs-Cookies werden nach dem Schlie\u00dfen des Browsers gel\u00f6scht, andere k\u00f6nnen bis zu zwei Jahre gespeichert bleiben.<\/p><h3 data-start=\"1283\" data-end=\"1303\">Facebook Pixel<\/h3><p data-start=\"1304\" data-end=\"1471\">Wir verwenden auf unserer Webseite das Facebook-Pixel des Anbieters Meta Platforms Ireland Ltd., 4 Grand Canal Square, Grand Canal Harbour, Dublin 2, Irland.<\/p><p data-start=\"1473\" data-end=\"1695\">Mit Hilfe des Facebook-Pixels k\u00f6nnen wir das Verhalten der Besucher nachverfolgen, die durch eine Facebook-Werbeanzeige auf unsere Webseite gelangt sind. So k\u00f6nnen wir unsere Werbung besser auf Ihre Interessen abstimmen.<\/p><p data-start=\"1697\" data-end=\"1931\">Dabei kann eine \u00dcbermittlung von Daten an Server der Meta Platforms, Inc. in den USA erfolgen. Die erhobenen Daten sind f\u00fcr uns anonym und nicht einsehbar; sie werden ausschlie\u00dflich zur Analyse und f\u00fcr Werbezwecke verwendet.<\/p><p data-start=\"1933\" data-end=\"2206\">Rechtsgrundlage der Datenverarbeitung ist Ihre Einwilligung nach Art. 6 Abs. 1 lit. a DSGVO.<br data-start=\"2029\" data-end=\"2032\" \/>Weitere Informationen finden Sie in der Datenschutzerkl\u00e4rung von Facebook unter:<br data-start=\"2116\" data-end=\"2119\" \/><a class=\"decorated-link\" href=\"https:\/\/www.facebook.com\/privacy\/policy\" target=\"_new\" rel=\"noopener\" data-start=\"2122\" data-end=\"2204\">https:\/\/www.facebook.com\/privacy\/policy<\/a><\/p><h3 data-start=\"2213\" data-end=\"2236\">Arten von Cookies<\/h3><ul data-start=\"2237\" data-end=\"2562\"><li data-start=\"2237\" data-end=\"2369\"><p data-start=\"2239\" data-end=\"2369\"><strong data-start=\"2239\" data-end=\"2263\">Essenzielle Cookies:<\/strong> notwendig, damit die Webseite korrekt funktioniert (z. B. Login-, Warenkorb- oder Spracheinstellungen).<\/p><\/li><li data-start=\"2370\" data-end=\"2480\"><p data-start=\"2372\" data-end=\"2480\"><strong data-start=\"2372\" data-end=\"2392\">Analyse-Cookies:<\/strong> helfen uns zu verstehen, wie Besucher unsere Webseite nutzen, um diese zu verbessern.<\/p><\/li><li data-start=\"2481\" data-end=\"2562\"><p data-start=\"2483\" data-end=\"2562\"><strong data-start=\"2483\" data-end=\"2505\">Marketing-Cookies:<\/strong> dienen dazu, Ihnen personalisierte Werbung anzuzeigen.<\/p><\/li><\/ul><p data-start=\"2564\" data-end=\"2666\">Sie k\u00f6nnen Ihre Auswahl jederzeit \u00fcber den Button \u201eCookie-Einstellungen\u201c am Seitenende anpassen.<\/p>\t\t\t\t\t\t\t\t<\/div>\n\t\t\t\t<\/div>\n\t\t\t\t\t<\/div>\n\t\t<\/div>\n\t\t\t\t\t<\/div>\n\t\t<\/section>\n\t\t\t\t<\/div>","protected":false},"excerpt":{"rendered":"<p>Cookie-Richtlinie Hinweis zur Nutzung von Cookies Wir verwenden auf unserer Webseite Cookies. Einige Cookies sind technisch notwendig, damit die Seite korrekt funktioniert. Andere helfen uns, unser Angebot an Ihre Bed\u00fcrfnisse anzupassen, die Nutzung unserer Services zu erleichtern oder zu analysieren, wie unsere Dienste verwendet werden. Nicht essenzielle Cookies werden nur mit Ihrer Einwilligung gesetzt. Sie [&hellip;]<\/p>\n","protected":false},"author":1,"featured_media":0,"parent":0,"menu_order":0,"comment_status":"closed","ping_status":"closed","template":"elementor_header_footer","meta":{"_acf_changed":false,"give_campaign_id":0,"inline_featured_image":false,"footnotes":""},"class_list":["post-23755","page","type-page","status-publish","hentry","entry"],"acf":[],"yoast_head":"<!-- This site is optimized with the Yoast SEO plugin v27.1.1 - https:\/\/yoast.com\/product\/yoast-seo-wordpress\/ -->\n<title>Cookie-Richtlinie | Agamanos Afrika e.V.<\/title>\n<meta name=\"robots\" content=\"index, follow, max-snippet:-1, max-image-preview:large, max-video-preview:-1\" \/>\n<link rel=\"canonical\" href=\"https:\/\/agamanosafrika-ev.de\/en\/cookie-richtlinie\/\" \/>\n<meta property=\"og:locale\" content=\"en_US\" \/>\n<meta property=\"og:type\" content=\"article\" \/>\n<meta property=\"og:title\" content=\"Cookie-Richtlinie | Agamanos Afrika e.V.\" \/>\n<meta property=\"og:description\" content=\"Cookie-Richtlinie Hinweis zur Nutzung von Cookies Wir verwenden auf unserer Webseite Cookies. Einige Cookies sind technisch notwendig, damit die Seite korrekt funktioniert. Andere helfen uns, unser Angebot an Ihre Bed\u00fcrfnisse anzupassen, die Nutzung unserer Services zu erleichtern oder zu analysieren, wie unsere Dienste verwendet werden. Nicht essenzielle Cookies werden nur mit Ihrer Einwilligung gesetzt. Sie [&hellip;]\" \/>\n<meta property=\"og:url\" content=\"https:\/\/agamanosafrika-ev.de\/en\/cookie-richtlinie\/\" \/>\n<meta property=\"og:site_name\" content=\"Agamanos Afrika e.V.\" \/>\n<meta property=\"article:modified_time\" content=\"2025-10-28T23:25:17+00:00\" \/>\n<meta property=\"og:image\" content=\"https:\/\/agamanosafrika-ev.de\/wp-content\/uploads\/2025\/10\/6747a9d9d77d1624ff971af6_Togo1_gros-scaled.jpg\" \/>\n\t<meta property=\"og:image:width\" content=\"2560\" \/>\n\t<meta property=\"og:image:height\" content=\"1440\" \/>\n\t<meta property=\"og:image:type\" content=\"image\/jpeg\" \/>\n<meta name=\"twitter:card\" content=\"summary_large_image\" \/>\n<meta name=\"twitter:label1\" content=\"Est. reading time\" \/>\n\t<meta name=\"twitter:data1\" content=\"2 minutes\" \/>\n<script type=\"application\/ld+json\" class=\"yoast-schema-graph\">{\"@context\":\"https:\/\/schema.org\",\"@graph\":[{\"@type\":\"WebPage\",\"@id\":\"https:\/\/agamanosafrika-ev.de\/cookie-richtlinie\/\",\"url\":\"https:\/\/agamanosafrika-ev.de\/cookie-richtlinie\/\",\"name\":\"Cookie-Richtlinie | Agamanos Afrika e.V.\",\"isPartOf\":{\"@id\":\"https:\/\/agamanosafrika-ev.de\/#website\"},\"datePublished\":\"2025-10-23T23:42:22+00:00\",\"dateModified\":\"2025-10-28T23:25:17+00:00\",\"breadcrumb\":{\"@id\":\"https:\/\/agamanosafrika-ev.de\/cookie-richtlinie\/#breadcrumb\"},\"inLanguage\":\"en-US\",\"potentialAction\":[{\"@type\":\"ReadAction\",\"target\":[\"https:\/\/agamanosafrika-ev.de\/cookie-richtlinie\/\"]}]},{\"@type\":\"BreadcrumbList\",\"@id\":\"https:\/\/agamanosafrika-ev.de\/cookie-richtlinie\/#breadcrumb\",\"itemListElement\":[{\"@type\":\"ListItem\",\"position\":1,\"name\":\"Home\",\"item\":\"https:\/\/agamanosafrika-ev.de\/\"},{\"@type\":\"ListItem\",\"position\":2,\"name\":\"Cookie-Richtlinie\"}]},{\"@type\":\"WebSite\",\"@id\":\"https:\/\/agamanosafrika-ev.de\/#website\",\"url\":\"https:\/\/agamanosafrika-ev.de\/\",\"name\":\"https:\/\/agamanosafrika-ev.de\/\",\"description\":\"Die Liebe, die in H\u00e4nden wirkt\",\"publisher\":{\"@id\":\"https:\/\/agamanosafrika-ev.de\/#organization\"},\"alternateName\":\"Agamanos Afrika e.V.\",\"potentialAction\":[{\"@type\":\"SearchAction\",\"target\":{\"@type\":\"EntryPoint\",\"urlTemplate\":\"https:\/\/agamanosafrika-ev.de\/?s={search_term_string}\"},\"query-input\":{\"@type\":\"PropertyValueSpecification\",\"valueRequired\":true,\"valueName\":\"search_term_string\"}}],\"inLanguage\":\"en-US\"},{\"@type\":\"Organization\",\"@id\":\"https:\/\/agamanosafrika-ev.de\/#organization\",\"name\":\"Agamanos Afrika e.V.\",\"url\":\"https:\/\/agamanosafrika-ev.de\/\",\"logo\":{\"@type\":\"ImageObject\",\"inLanguage\":\"en-US\",\"@id\":\"https:\/\/agamanosafrika-ev.de\/#\/schema\/logo\/image\/\",\"url\":\"https:\/\/agamanosafrika-ev.de\/wp-content\/uploads\/2021\/08\/LOGO_700x264-e1758039795441.png\",\"contentUrl\":\"https:\/\/agamanosafrika-ev.de\/wp-content\/uploads\/2021\/08\/LOGO_700x264-e1758039795441.png\",\"width\":200,\"height\":75,\"caption\":\"Agamanos Afrika e.V.\"},\"image\":{\"@id\":\"https:\/\/agamanosafrika-ev.de\/#\/schema\/logo\/image\/\"}}]}<\/script>\n<!-- \/ Yoast SEO plugin. -->","yoast_head_json":{"title":"Cookie-Richtlinie | Agamanos Afrika e.V.","robots":{"index":"index","follow":"follow","max-snippet":"max-snippet:-1","max-image-preview":"max-image-preview:large","max-video-preview":"max-video-preview:-1"},"canonical":"https:\/\/agamanosafrika-ev.de\/en\/cookie-richtlinie\/","og_locale":"en_US","og_type":"article","og_title":"Cookie-Richtlinie | Agamanos Afrika e.V.","og_description":"Cookie-Richtlinie Hinweis zur Nutzung von Cookies Wir verwenden auf unserer Webseite Cookies. Einige Cookies sind technisch notwendig, damit die Seite korrekt funktioniert. Andere helfen uns, unser Angebot an Ihre Bed\u00fcrfnisse anzupassen, die Nutzung unserer Services zu erleichtern oder zu analysieren, wie unsere Dienste verwendet werden. Nicht essenzielle Cookies werden nur mit Ihrer Einwilligung gesetzt. Sie [&hellip;]","og_url":"https:\/\/agamanosafrika-ev.de\/en\/cookie-richtlinie\/","og_site_name":"Agamanos Afrika e.V.","article_modified_time":"2025-10-28T23:25:17+00:00","og_image":[{"width":2560,"height":1440,"url":"https:\/\/agamanosafrika-ev.de\/wp-content\/uploads\/2025\/10\/6747a9d9d77d1624ff971af6_Togo1_gros-scaled.jpg","type":"image\/jpeg"}],"twitter_card":"summary_large_image","twitter_misc":{"Est. reading time":"2 minutes"},"schema":{"@context":"https:\/\/schema.org","@graph":[{"@type":"WebPage","@id":"https:\/\/agamanosafrika-ev.de\/cookie-richtlinie\/","url":"https:\/\/agamanosafrika-ev.de\/cookie-richtlinie\/","name":"Cookie-Richtlinie | Agamanos Afrika e.V.","isPartOf":{"@id":"https:\/\/agamanosafrika-ev.de\/#website"},"datePublished":"2025-10-23T23:42:22+00:00","dateModified":"2025-10-28T23:25:17+00:00","breadcrumb":{"@id":"https:\/\/agamanosafrika-ev.de\/cookie-richtlinie\/#breadcrumb"},"inLanguage":"en-US","potentialAction":[{"@type":"ReadAction","target":["https:\/\/agamanosafrika-ev.de\/cookie-richtlinie\/"]}]},{"@type":"BreadcrumbList","@id":"https:\/\/agamanosafrika-ev.de\/cookie-richtlinie\/#breadcrumb","itemListElement":[{"@type":"ListItem","position":1,"name":"Home","item":"https:\/\/agamanosafrika-ev.de\/"},{"@type":"ListItem","position":2,"name":"Cookie-Richtlinie"}]},{"@type":"WebSite","@id":"https:\/\/agamanosafrika-ev.de\/#website","url":"https:\/\/agamanosafrika-ev.de\/","name":"https:\/\/agamanosafrika-ev.de\/","description":"Die Liebe, die in H\u00e4nden wirkt","publisher":{"@id":"https:\/\/agamanosafrika-ev.de\/#organization"},"alternateName":"Agamanos Afrika e.V.","potentialAction":[{"@type":"SearchAction","target":{"@type":"EntryPoint","urlTemplate":"https:\/\/agamanosafrika-ev.de\/?s={search_term_string}"},"query-input":{"@type":"PropertyValueSpecification","valueRequired":true,"valueName":"search_term_string"}}],"inLanguage":"en-US"},{"@type":"Organization","@id":"https:\/\/agamanosafrika-ev.de\/#organization","name":"Agamanos Afrika e.V.","url":"https:\/\/agamanosafrika-ev.de\/","logo":{"@type":"ImageObject","inLanguage":"en-US","@id":"https:\/\/agamanosafrika-ev.de\/#\/schema\/logo\/image\/","url":"https:\/\/agamanosafrika-ev.de\/wp-content\/uploads\/2021\/08\/LOGO_700x264-e1758039795441.png","contentUrl":"https:\/\/agamanosafrika-ev.de\/wp-content\/uploads\/2021\/08\/LOGO_700x264-e1758039795441.png","width":200,"height":75,"caption":"Agamanos Afrika e.V."},"image":{"@id":"https:\/\/agamanosafrika-ev.de\/#\/schema\/logo\/image\/"}}]}},"campaignId":"","_links":{"self":[{"href":"https:\/\/agamanosafrika-ev.de\/en\/wp-json\/wp\/v2\/pages\/23755","targetHints":{"allow":["GET"]}}],"collection":[{"href":"https:\/\/agamanosafrika-ev.de\/en\/wp-json\/wp\/v2\/pages"}],"about":[{"href":"https:\/\/agamanosafrika-ev.de\/en\/wp-json\/wp\/v2\/types\/page"}],"author":[{"embeddable":true,"href":"https:\/\/agamanosafrika-ev.de\/en\/wp-json\/wp\/v2\/users\/1"}],"replies":[{"embeddable":true,"href":"https:\/\/agamanosafrika-ev.de\/en\/wp-json\/wp\/v2\/comments?post=23755"}],"version-history":[{"count":16,"href":"https:\/\/agamanosafrika-ev.de\/en\/wp-json\/wp\/v2\/pages\/23755\/revisions"}],"predecessor-version":[{"id":24437,"href":"https:\/\/agamanosafrika-ev.de\/en\/wp-json\/wp\/v2\/pages\/23755\/revisions\/24437"}],"wp:attachment":[{"href":"https:\/\/agamanosafrika-ev.de\/en\/wp-json\/wp\/v2\/media?parent=23755"}],"curies":[{"name":"wp","href":"https:\/\/api.w.org\/{rel}","templated":true}]}}