{"id":23437,"date":"2025-10-08T16:08:00","date_gmt":"2025-10-08T16:08:00","guid":{"rendered":"https:\/\/agamanosafrika-ev.de\/?page_id=23437"},"modified":"2025-11-27T09:50:44","modified_gmt":"2025-11-27T09:50:44","slug":"impressum","status":"publish","type":"page","link":"https:\/\/agamanosafrika-ev.de\/en\/impressum\/","title":{"rendered":"Impressum"},"content":{"rendered":"<div data-elementor-type=\"wp-page\" data-elementor-id=\"23437\" class=\"elementor elementor-23437\" data-elementor-post-type=\"page\">\n\t\t\t\t\t\t<section class=\"elementor-section elementor-top-section elementor-element elementor-element-008a75c elementor-section-boxed elementor-section-height-default elementor-section-height-default\" data-id=\"008a75c\" data-element_type=\"section\" data-e-type=\"section\" data-settings=\"{&quot;background_background&quot;:&quot;classic&quot;}\">\n\t\t\t\t\t\t<div class=\"elementor-container elementor-column-gap-extended\">\n\t\t\t\t\t<div class=\"elementor-column elementor-col-100 elementor-top-column elementor-element elementor-element-d3e1182\" data-id=\"d3e1182\" data-element_type=\"column\" data-e-type=\"column\">\n\t\t\t<div class=\"elementor-widget-wrap elementor-element-populated\">\n\t\t\t\t\t\t<div class=\"elementor-element elementor-element-c9f3c30 elementor-widget elementor-widget-heading\" data-id=\"c9f3c30\" data-element_type=\"widget\" data-e-type=\"widget\" data-widget_type=\"heading.default\">\n\t\t\t\t<div class=\"elementor-widget-container\">\n\t\t\t\t\t<h2 class=\"elementor-heading-title elementor-size-default\"><b>Impressum<\/b><\/h2>\t\t\t\t<\/div>\n\t\t\t\t<\/div>\n\t\t\t\t<div class=\"elementor-element elementor-element-ebebc43 elementor-widget elementor-widget-text-editor\" data-id=\"ebebc43\" data-element_type=\"widget\" data-e-type=\"widget\" data-widget_type=\"text-editor.default\">\n\t\t\t\t<div class=\"elementor-widget-container\">\n\t\t\t\t\t\t\t\t\t<p data-ccp-props=\"{&quot;335551550&quot;:1,&quot;335551620&quot;:1,&quot;335559683&quot;:0,&quot;335559685&quot;:0,&quot;335559731&quot;:0,&quot;335559737&quot;:0,&quot;335562764&quot;:2,&quot;335562765&quot;:1,&quot;335562766&quot;:4,&quot;335562767&quot;:0,&quot;335562768&quot;:4,&quot;335562769&quot;:0}\"><b><span data-scheme-color=\"@333333,,\" data-usefontface=\"true\" data-contrast=\"none\">Angaben gem\u00e4\u00df \u00a7 5 TMG:<\/span><\/b><\/p><p data-ccp-props=\"{&quot;335551550&quot;:1,&quot;335551620&quot;:1,&quot;335559683&quot;:0,&quot;335559685&quot;:0,&quot;335559731&quot;:0,&quot;335559737&quot;:0,&quot;335562764&quot;:2,&quot;335562765&quot;:1,&quot;335562766&quot;:4,&quot;335562767&quot;:0,&quot;335562768&quot;:4,&quot;335562769&quot;:0}\"><b><span data-scheme-color=\"@151515,,\" data-usefontface=\"true\" data-contrast=\"none\">AGAMANOS AFRIKA e.V.<\/span><\/b><br \/><span data-scheme-color=\"@151515,,\" data-usefontface=\"true\" data-contrast=\"none\">Kolpingweg 6<\/span><br \/><span data-scheme-color=\"@151515,,\" data-usefontface=\"true\" data-contrast=\"none\">82216 Maisach \u2013 Gernlinden<\/span><\/p><p data-ccp-props=\"{&quot;335551550&quot;:1,&quot;335551620&quot;:1,&quot;335559683&quot;:0,&quot;335559685&quot;:0,&quot;335559731&quot;:0,&quot;335559737&quot;:0,&quot;335562764&quot;:2,&quot;335562765&quot;:1,&quot;335562766&quot;:4,&quot;335562767&quot;:0,&quot;335562768&quot;:4,&quot;335562769&quot;:0}\"><b><span data-scheme-color=\"@333333,,\" data-usefontface=\"true\" data-contrast=\"none\">Vertreten durch:<br \/><\/span><\/b><span data-scheme-color=\"@303030,,\" data-usefontface=\"true\" data-contrast=\"none\">Issifou <\/span><span data-scheme-color=\"@303030,,\" data-usefontface=\"true\" data-contrast=\"none\">Foufou<\/span><span data-scheme-color=\"@303030,,\" data-usefontface=\"true\" data-contrast=\"none\"> Belo<\/span><\/p><p data-ccp-props=\"{&quot;335551550&quot;:1,&quot;335551620&quot;:1,&quot;335559683&quot;:0,&quot;335559685&quot;:0,&quot;335559731&quot;:0,&quot;335559737&quot;:0,&quot;335562764&quot;:2,&quot;335562765&quot;:1,&quot;335562766&quot;:4,&quot;335562767&quot;:0,&quot;335562768&quot;:4,&quot;335562769&quot;:0}\"><b><span data-scheme-color=\"@333333,,\" data-usefontface=\"true\" data-contrast=\"none\">Kontakt:<br \/><\/span><\/b><span data-scheme-color=\"@303030,,\" data-usefontface=\"true\" data-contrast=\"none\">Telefon: <\/span><span data-usefontface=\"false\" data-contrast=\"none\">+49 176 57650422<\/span><br \/><span data-scheme-color=\"@303030,,\" data-usefontface=\"true\" data-contrast=\"none\">E-Mail: <\/span><span data-usefontface=\"false\" data-contrast=\"none\">info@agamanosafrika-ev.de<\/span><\/p><p data-ccp-props=\"{&quot;335551550&quot;:1,&quot;335551620&quot;:1,&quot;335559683&quot;:0,&quot;335559685&quot;:0,&quot;335559731&quot;:0,&quot;335559737&quot;:0,&quot;335562764&quot;:2,&quot;335562765&quot;:1,&quot;335562766&quot;:4,&quot;335562767&quot;:0,&quot;335562768&quot;:4,&quot;335562769&quot;:0}\"><b><span data-scheme-color=\"@333333,,\" data-usefontface=\"true\" data-contrast=\"none\">Registereintrag:<br \/><\/span><\/b><span data-scheme-color=\"@303030,,\" data-usefontface=\"true\" data-contrast=\"none\">Eintragung im Vereinsregister.<\/span><br \/><span data-scheme-color=\"@303030,,\" data-usefontface=\"true\" data-contrast=\"none\">Registergericht:Amtsgericht<\/span><span data-scheme-color=\"@303030,,\" data-usefontface=\"true\" data-contrast=\"none\"> M\u00fcnchen<\/span><br \/><span data-scheme-color=\"@303030,,\" data-usefontface=\"true\" data-contrast=\"none\">Registernummer: <\/span><b><span data-usefontface=\"false\" data-contrast=\"none\">VR 210891<\/span><\/b><\/p><p data-ccp-props=\"{&quot;335551550&quot;:1,&quot;335551620&quot;:1,&quot;335559683&quot;:0,&quot;335559685&quot;:0,&quot;335559731&quot;:0,&quot;335559737&quot;:0,&quot;335562764&quot;:2,&quot;335562765&quot;:1,&quot;335562766&quot;:4,&quot;335562767&quot;:0,&quot;335562768&quot;:4,&quot;335562769&quot;:0}\"><b><span data-scheme-color=\"@333333,,\" data-usefontface=\"true\" data-contrast=\"none\">Streitschlichtung<br \/><\/span><\/b><span data-scheme-color=\"@303030,,\" data-usefontface=\"true\" data-contrast=\"none\">Die Europ\u00e4ische Kommission stellt eine Plattform zur Online-Streitbeilegung (OS) bereit:\u00a0<\/span><a href=\"https:\/\/ec.europa.eu\/consumers\/odr\" data-hyperlinktype=\"0\"><span data-scheme-color=\"@BD4932,,\" data-usefontface=\"true\" data-contrast=\"none\">https:\/\/ec.europa.eu\/consumers\/odr<\/span><\/a><span data-scheme-color=\"@303030,,\" data-usefontface=\"true\" data-contrast=\"none\">.<\/span><br \/><span data-scheme-color=\"@303030,,\" data-usefontface=\"true\" data-contrast=\"none\">Unsere E-Mail-Adresse finden Sie oben im Impressum.<\/span><\/p><p data-ccp-props=\"{&quot;335551550&quot;:1,&quot;335551620&quot;:1,&quot;335559683&quot;:0,&quot;335559685&quot;:0,&quot;335559731&quot;:0,&quot;335559737&quot;:0,&quot;335562764&quot;:2,&quot;335562765&quot;:1,&quot;335562766&quot;:4,&quot;335562767&quot;:0,&quot;335562768&quot;:4,&quot;335562769&quot;:0}\"><span data-scheme-color=\"@303030,,\" data-usefontface=\"true\" data-contrast=\"none\">Wir sind nicht bereit oder verpflichtet, an Streitbeilegungsverfahren vor einer Verbraucherschlichtungsstelle teilzunehmen.<\/span><\/p><p data-ccp-props=\"{&quot;335551550&quot;:1,&quot;335551620&quot;:1,&quot;335559683&quot;:0,&quot;335559685&quot;:0,&quot;335559731&quot;:0,&quot;335559737&quot;:0,&quot;335562764&quot;:2,&quot;335562765&quot;:1,&quot;335562766&quot;:4,&quot;335562767&quot;:0,&quot;335562768&quot;:4,&quot;335562769&quot;:0}\"><b><span data-scheme-color=\"@333333,,\" data-usefontface=\"true\" data-contrast=\"none\">Haftung f\u00fcr Inhalte<br \/><\/span><\/b><span data-scheme-color=\"@303030,,\" data-usefontface=\"true\" data-contrast=\"none\">Als Diensteanbieter sind wir gem\u00e4\u00df \u00a7 7 Abs.1 TMG f\u00fcr eigene Inhalte auf diesen Seiten nach den allgemeinen Gesetzen verantwortlich. Nach \u00a7\u00a7 8 bis 10 TMG sind wir als Diensteanbieter jedoch nicht verpflichtet, <\/span><span data-scheme-color=\"@303030,,\" data-usefontface=\"true\" data-contrast=\"none\">\u00fcbermittelte oder gespeicherte fremde Informationen zu \u00fcberwachen oder nach Umst\u00e4nden zu forschen, die auf eine rechtswidrige T\u00e4tigkeit hinweisen.<\/span><\/p><p data-ccp-props=\"{&quot;335551550&quot;:1,&quot;335551620&quot;:1,&quot;335559683&quot;:0,&quot;335559685&quot;:0,&quot;335559731&quot;:0,&quot;335559737&quot;:0,&quot;335562764&quot;:2,&quot;335562765&quot;:1,&quot;335562766&quot;:4,&quot;335562767&quot;:0,&quot;335562768&quot;:4,&quot;335562769&quot;:0}\"><span data-scheme-color=\"@303030,,\" data-usefontface=\"true\" data-contrast=\"none\">Verpflichtungen zur Entfernung oder Sperrung der Nutzung von Informationen nach den allgemeinen Gesetzen bleiben hiervon unber\u00fchrt. Eine diesbez\u00fcgliche Haftung ist jedoch erst ab dem Zeitpunkt der Kenntnis <\/span><span data-scheme-color=\"@303030,,\" data-usefontface=\"true\" data-contrast=\"none\">einer konkreten Rechtsverletzung m\u00f6glich. Bei Bekanntwerden von entsprechenden Rechtsverletzungen werden wir diese Inhalte umgehend entfernen.<\/span><\/p><p data-ccp-props=\"{&quot;335551550&quot;:1,&quot;335551620&quot;:1,&quot;335559683&quot;:0,&quot;335559685&quot;:0,&quot;335559731&quot;:0,&quot;335559737&quot;:0,&quot;335562764&quot;:2,&quot;335562765&quot;:1,&quot;335562766&quot;:4,&quot;335562767&quot;:0,&quot;335562768&quot;:4,&quot;335562769&quot;:0}\"><b><span data-scheme-color=\"@333333,,\" data-usefontface=\"true\" data-contrast=\"none\">Haftung f\u00fcr Links<br \/><\/span><\/b><span data-scheme-color=\"@303030,,\" data-usefontface=\"true\" data-contrast=\"none\">Unser Angebot enth\u00e4lt Links zu externen Websites Dritter, auf deren Inhalte wir keinen Einfluss haben. Deshalb k\u00f6nnen wir f\u00fcr diese fremden Inhalte auch keine Gew\u00e4hr \u00fcbernehmen. F\u00fcr die Inhalte der verlinkten <\/span><span data-scheme-color=\"@303030,,\" data-usefontface=\"true\" data-contrast=\"none\">Seiten ist stets der jeweilige Anbieter oder Betreiber der Seiten verantwortlich. Die verlinkten Seiten wurden zum Zeitpunkt der Verlinkung auf m\u00f6gliche Rechtsverst\u00f6\u00dfe \u00fcberpr\u00fcft. Rechtswidrige Inhalte waren zum <\/span><span data-scheme-color=\"@303030,,\" data-usefontface=\"true\" data-contrast=\"none\">Zeitpunkt der Verlinkung nicht erkennbar.<\/span><\/p><p data-ccp-props=\"{&quot;335551550&quot;:1,&quot;335551620&quot;:1,&quot;335559683&quot;:0,&quot;335559685&quot;:0,&quot;335559731&quot;:0,&quot;335559737&quot;:0,&quot;335562764&quot;:2,&quot;335562765&quot;:1,&quot;335562766&quot;:4,&quot;335562767&quot;:0,&quot;335562768&quot;:4,&quot;335562769&quot;:0}\"><span data-scheme-color=\"@303030,,\" data-usefontface=\"true\" data-contrast=\"none\">Eine permanente inhaltliche Kontrolle der verlinkten Seiten ist jedoch ohne konkrete Anhaltspunkte einer Rechtsverletzung nicht zumutbar. Bei Bekanntwerden von Rechtsverletzungen werden wir derartige Links <\/span><span data-scheme-color=\"@303030,,\" data-usefontface=\"true\" data-contrast=\"none\">umgehend entfernen.<\/span><\/p><p data-ccp-props=\"{&quot;335551550&quot;:1,&quot;335551620&quot;:1,&quot;335559683&quot;:0,&quot;335559685&quot;:0,&quot;335559731&quot;:0,&quot;335559737&quot;:0,&quot;335562764&quot;:2,&quot;335562765&quot;:1,&quot;335562766&quot;:4,&quot;335562767&quot;:0,&quot;335562768&quot;:4,&quot;335562769&quot;:0}\"><b><span data-scheme-color=\"@333333,,\" data-usefontface=\"true\" data-contrast=\"none\">Urheberrecht<br \/><\/span><\/b><span data-scheme-color=\"@303030,,\" data-usefontface=\"true\" data-contrast=\"none\">Die durch die Seitenbetreiber erstellten Inhalte und Werke auf diesen Seiten unterliegen dem deutschen Urheberrecht. Die Vervielf\u00e4ltigung, Bearbeitung, Verbreitung und jede Art der Verwertung au\u00dferhalb der <\/span><span data-scheme-color=\"@303030,,\" data-usefontface=\"true\" data-contrast=\"none\">Grenzen des Urheberrechtes bed\u00fcrfen der schriftlichen Zustimmung des jeweiligen Autors bzw. Erstellers. Downloads und Kopien dieser Seite sind nur f\u00fcr den privaten, nicht kommerziellen Gebrauch gestattet.<\/span><\/p><p data-ccp-props=\"{&quot;335551550&quot;:1,&quot;335551620&quot;:1,&quot;335559683&quot;:0,&quot;335559685&quot;:0,&quot;335559731&quot;:0,&quot;335559737&quot;:0,&quot;335562764&quot;:2,&quot;335562765&quot;:1,&quot;335562766&quot;:4,&quot;335562767&quot;:0,&quot;335562768&quot;:4,&quot;335562769&quot;:0}\"><span data-scheme-color=\"@303030,,\" data-usefontface=\"true\" data-contrast=\"none\">Soweit die Inhalte auf dieser Seite nicht vom Betreiber erstellt wurden, werden die Urheberrechte Dritter beachtet. Insbesondere werden Inhalte Dritter als solche gekennzeichnet. Sollten Sie trotzdem auf eine <\/span><span data-scheme-color=\"@303030,,\" data-usefontface=\"true\" data-contrast=\"none\">Urheberrechtsverletzung aufmerksam werden, bitten wir um einen entsprechenden Hinweis. Bei Bekanntwerden von Rechtsverletzungen werden wir derartige Inhalte umgehend entfernen.<\/span><\/p><p data-ccp-props=\"{&quot;335551550&quot;:1,&quot;335551620&quot;:1,&quot;335559683&quot;:0,&quot;335559685&quot;:0,&quot;335559731&quot;:0,&quot;335559737&quot;:0,&quot;335562764&quot;:2,&quot;335562765&quot;:1,&quot;335562766&quot;:4,&quot;335562767&quot;:0,&quot;335562768&quot;:4,&quot;335562769&quot;:0}\"><b><span data-scheme-color=\"@333333,,\" data-usefontface=\"true\" data-contrast=\"none\">Datenschutz<br \/><\/span><\/b><a href=\"#\" data-hyperlinktype=\"0\"><span data-scheme-color=\"@BD4932,,\" data-usefontface=\"true\" data-contrast=\"none\">Unser Datenschutzerkl\u00e4rung finden Sie hier!<\/span><\/a><\/p>\t\t\t\t\t\t\t\t<\/div>\n\t\t\t\t<\/div>\n\t\t\t\t\t<\/div>\n\t\t<\/div>\n\t\t\t\t\t<\/div>\n\t\t<\/section>\n\t\t\t\t<\/div>","protected":false},"excerpt":{"rendered":"<p>Impressum Angaben gem\u00e4\u00df \u00a7 5 TMG: AGAMANOS AFRIKA e.V.Kolpingweg 682216 Maisach \u2013 Gernlinden Vertreten durch:Issifou Foufou Belo Kontakt:Telefon: +49 176 57650422E-Mail: info@agamanosafrika-ev.de Registereintrag:Eintragung im Vereinsregister.Registergericht:Amtsgericht M\u00fcnchenRegisternummer: VR 210891 StreitschlichtungDie Europ\u00e4ische Kommission stellt eine Plattform zur Online-Streitbeilegung (OS) bereit:\u00a0https:\/\/ec.europa.eu\/consumers\/odr.Unsere E-Mail-Adresse finden Sie oben im Impressum. Wir sind nicht bereit oder verpflichtet, an Streitbeilegungsverfahren vor einer Verbraucherschlichtungsstelle [&hellip;]<\/p>\n","protected":false},"author":1,"featured_media":0,"parent":0,"menu_order":0,"comment_status":"closed","ping_status":"closed","template":"elementor_header_footer","meta":{"_acf_changed":false,"give_campaign_id":0,"inline_featured_image":false,"footnotes":""},"class_list":["post-23437","page","type-page","status-publish","hentry","entry"],"acf":[],"yoast_head":"<!-- This site is optimized with the Yoast SEO plugin v27.1.1 - https:\/\/yoast.com\/product\/yoast-seo-wordpress\/ -->\n<title>Impressum | Agamanos Afrika e.V.<\/title>\n<meta name=\"robots\" content=\"index, follow, max-snippet:-1, max-image-preview:large, max-video-preview:-1\" \/>\n<link rel=\"canonical\" href=\"https:\/\/agamanosafrika-ev.de\/en\/impressum\/\" \/>\n<meta property=\"og:locale\" content=\"en_US\" \/>\n<meta property=\"og:type\" content=\"article\" \/>\n<meta property=\"og:title\" content=\"Impressum | Agamanos Afrika e.V.\" \/>\n<meta property=\"og:description\" content=\"Impressum Angaben gem\u00e4\u00df \u00a7 5 TMG: AGAMANOS AFRIKA e.V.Kolpingweg 682216 Maisach \u2013 Gernlinden Vertreten durch:Issifou Foufou Belo Kontakt:Telefon: +49 176 57650422E-Mail: info@agamanosafrika-ev.de Registereintrag:Eintragung im Vereinsregister.Registergericht:Amtsgericht M\u00fcnchenRegisternummer: VR 210891 StreitschlichtungDie Europ\u00e4ische Kommission stellt eine Plattform zur Online-Streitbeilegung (OS) bereit:\u00a0https:\/\/ec.europa.eu\/consumers\/odr.Unsere E-Mail-Adresse finden Sie oben im Impressum. Wir sind nicht bereit oder verpflichtet, an Streitbeilegungsverfahren vor einer Verbraucherschlichtungsstelle [&hellip;]\" \/>\n<meta property=\"og:url\" content=\"https:\/\/agamanosafrika-ev.de\/en\/impressum\/\" \/>\n<meta property=\"og:site_name\" content=\"Agamanos Afrika e.V.\" \/>\n<meta property=\"article:modified_time\" content=\"2025-11-27T09:50:44+00:00\" \/>\n<meta property=\"og:image\" content=\"https:\/\/agamanosafrika-ev.de\/wp-content\/uploads\/2025\/10\/6747a9d9d77d1624ff971af6_Togo1_gros-scaled.jpg\" \/>\n\t<meta property=\"og:image:width\" content=\"2560\" \/>\n\t<meta property=\"og:image:height\" content=\"1440\" \/>\n\t<meta property=\"og:image:type\" content=\"image\/jpeg\" \/>\n<meta name=\"twitter:card\" content=\"summary_large_image\" \/>\n<script type=\"application\/ld+json\" class=\"yoast-schema-graph\">{\"@context\":\"https:\/\/schema.org\",\"@graph\":[{\"@type\":\"WebPage\",\"@id\":\"https:\/\/agamanosafrika-ev.de\/impressum\/\",\"url\":\"https:\/\/agamanosafrika-ev.de\/impressum\/\",\"name\":\"Impressum | Agamanos Afrika e.V.\",\"isPartOf\":{\"@id\":\"https:\/\/agamanosafrika-ev.de\/#website\"},\"datePublished\":\"2025-10-08T16:08:00+00:00\",\"dateModified\":\"2025-11-27T09:50:44+00:00\",\"breadcrumb\":{\"@id\":\"https:\/\/agamanosafrika-ev.de\/impressum\/#breadcrumb\"},\"inLanguage\":\"en-US\",\"potentialAction\":[{\"@type\":\"ReadAction\",\"target\":[\"https:\/\/agamanosafrika-ev.de\/impressum\/\"]}]},{\"@type\":\"BreadcrumbList\",\"@id\":\"https:\/\/agamanosafrika-ev.de\/impressum\/#breadcrumb\",\"itemListElement\":[{\"@type\":\"ListItem\",\"position\":1,\"name\":\"Home\",\"item\":\"https:\/\/agamanosafrika-ev.de\/\"},{\"@type\":\"ListItem\",\"position\":2,\"name\":\"Impressum\"}]},{\"@type\":\"WebSite\",\"@id\":\"https:\/\/agamanosafrika-ev.de\/#website\",\"url\":\"https:\/\/agamanosafrika-ev.de\/\",\"name\":\"https:\/\/agamanosafrika-ev.de\/\",\"description\":\"Die Liebe, die in H\u00e4nden wirkt\",\"publisher\":{\"@id\":\"https:\/\/agamanosafrika-ev.de\/#organization\"},\"alternateName\":\"Agamanos Afrika e.V.\",\"potentialAction\":[{\"@type\":\"SearchAction\",\"target\":{\"@type\":\"EntryPoint\",\"urlTemplate\":\"https:\/\/agamanosafrika-ev.de\/?s={search_term_string}\"},\"query-input\":{\"@type\":\"PropertyValueSpecification\",\"valueRequired\":true,\"valueName\":\"search_term_string\"}}],\"inLanguage\":\"en-US\"},{\"@type\":\"Organization\",\"@id\":\"https:\/\/agamanosafrika-ev.de\/#organization\",\"name\":\"Agamanos Afrika e.V.\",\"url\":\"https:\/\/agamanosafrika-ev.de\/\",\"logo\":{\"@type\":\"ImageObject\",\"inLanguage\":\"en-US\",\"@id\":\"https:\/\/agamanosafrika-ev.de\/#\/schema\/logo\/image\/\",\"url\":\"https:\/\/agamanosafrika-ev.de\/wp-content\/uploads\/2021\/08\/LOGO_700x264-e1758039795441.png\",\"contentUrl\":\"https:\/\/agamanosafrika-ev.de\/wp-content\/uploads\/2021\/08\/LOGO_700x264-e1758039795441.png\",\"width\":200,\"height\":75,\"caption\":\"Agamanos Afrika e.V.\"},\"image\":{\"@id\":\"https:\/\/agamanosafrika-ev.de\/#\/schema\/logo\/image\/\"}}]}<\/script>\n<!-- \/ Yoast SEO plugin. -->","yoast_head_json":{"title":"Impressum | Agamanos Afrika e.V.","robots":{"index":"index","follow":"follow","max-snippet":"max-snippet:-1","max-image-preview":"max-image-preview:large","max-video-preview":"max-video-preview:-1"},"canonical":"https:\/\/agamanosafrika-ev.de\/en\/impressum\/","og_locale":"en_US","og_type":"article","og_title":"Impressum | Agamanos Afrika e.V.","og_description":"Impressum Angaben gem\u00e4\u00df \u00a7 5 TMG: AGAMANOS AFRIKA e.V.Kolpingweg 682216 Maisach \u2013 Gernlinden Vertreten durch:Issifou Foufou Belo Kontakt:Telefon: +49 176 57650422E-Mail: info@agamanosafrika-ev.de Registereintrag:Eintragung im Vereinsregister.Registergericht:Amtsgericht M\u00fcnchenRegisternummer: VR 210891 StreitschlichtungDie Europ\u00e4ische Kommission stellt eine Plattform zur Online-Streitbeilegung (OS) bereit:\u00a0https:\/\/ec.europa.eu\/consumers\/odr.Unsere E-Mail-Adresse finden Sie oben im Impressum. Wir sind nicht bereit oder verpflichtet, an Streitbeilegungsverfahren vor einer Verbraucherschlichtungsstelle [&hellip;]","og_url":"https:\/\/agamanosafrika-ev.de\/en\/impressum\/","og_site_name":"Agamanos Afrika e.V.","article_modified_time":"2025-11-27T09:50:44+00:00","og_image":[{"width":2560,"height":1440,"url":"https:\/\/agamanosafrika-ev.de\/wp-content\/uploads\/2025\/10\/6747a9d9d77d1624ff971af6_Togo1_gros-scaled.jpg","type":"image\/jpeg"}],"twitter_card":"summary_large_image","schema":{"@context":"https:\/\/schema.org","@graph":[{"@type":"WebPage","@id":"https:\/\/agamanosafrika-ev.de\/impressum\/","url":"https:\/\/agamanosafrika-ev.de\/impressum\/","name":"Impressum | Agamanos Afrika e.V.","isPartOf":{"@id":"https:\/\/agamanosafrika-ev.de\/#website"},"datePublished":"2025-10-08T16:08:00+00:00","dateModified":"2025-11-27T09:50:44+00:00","breadcrumb":{"@id":"https:\/\/agamanosafrika-ev.de\/impressum\/#breadcrumb"},"inLanguage":"en-US","potentialAction":[{"@type":"ReadAction","target":["https:\/\/agamanosafrika-ev.de\/impressum\/"]}]},{"@type":"BreadcrumbList","@id":"https:\/\/agamanosafrika-ev.de\/impressum\/#breadcrumb","itemListElement":[{"@type":"ListItem","position":1,"name":"Home","item":"https:\/\/agamanosafrika-ev.de\/"},{"@type":"ListItem","position":2,"name":"Impressum"}]},{"@type":"WebSite","@id":"https:\/\/agamanosafrika-ev.de\/#website","url":"https:\/\/agamanosafrika-ev.de\/","name":"https:\/\/agamanosafrika-ev.de\/","description":"Die Liebe, die in H\u00e4nden wirkt","publisher":{"@id":"https:\/\/agamanosafrika-ev.de\/#organization"},"alternateName":"Agamanos Afrika e.V.","potentialAction":[{"@type":"SearchAction","target":{"@type":"EntryPoint","urlTemplate":"https:\/\/agamanosafrika-ev.de\/?s={search_term_string}"},"query-input":{"@type":"PropertyValueSpecification","valueRequired":true,"valueName":"search_term_string"}}],"inLanguage":"en-US"},{"@type":"Organization","@id":"https:\/\/agamanosafrika-ev.de\/#organization","name":"Agamanos Afrika e.V.","url":"https:\/\/agamanosafrika-ev.de\/","logo":{"@type":"ImageObject","inLanguage":"en-US","@id":"https:\/\/agamanosafrika-ev.de\/#\/schema\/logo\/image\/","url":"https:\/\/agamanosafrika-ev.de\/wp-content\/uploads\/2021\/08\/LOGO_700x264-e1758039795441.png","contentUrl":"https:\/\/agamanosafrika-ev.de\/wp-content\/uploads\/2021\/08\/LOGO_700x264-e1758039795441.png","width":200,"height":75,"caption":"Agamanos Afrika e.V."},"image":{"@id":"https:\/\/agamanosafrika-ev.de\/#\/schema\/logo\/image\/"}}]}},"campaignId":"","_links":{"self":[{"href":"https:\/\/agamanosafrika-ev.de\/en\/wp-json\/wp\/v2\/pages\/23437","targetHints":{"allow":["GET"]}}],"collection":[{"href":"https:\/\/agamanosafrika-ev.de\/en\/wp-json\/wp\/v2\/pages"}],"about":[{"href":"https:\/\/agamanosafrika-ev.de\/en\/wp-json\/wp\/v2\/types\/page"}],"author":[{"embeddable":true,"href":"https:\/\/agamanosafrika-ev.de\/en\/wp-json\/wp\/v2\/users\/1"}],"replies":[{"embeddable":true,"href":"https:\/\/agamanosafrika-ev.de\/en\/wp-json\/wp\/v2\/comments?post=23437"}],"version-history":[{"count":18,"href":"https:\/\/agamanosafrika-ev.de\/en\/wp-json\/wp\/v2\/pages\/23437\/revisions"}],"predecessor-version":[{"id":24940,"href":"https:\/\/agamanosafrika-ev.de\/en\/wp-json\/wp\/v2\/pages\/23437\/revisions\/24940"}],"wp:attachment":[{"href":"https:\/\/agamanosafrika-ev.de\/en\/wp-json\/wp\/v2\/media?parent=23437"}],"curies":[{"name":"wp","href":"https:\/\/api.w.org\/{rel}","templated":true}]}}